{"id":2295,"date":"2021-09-10T11:20:56","date_gmt":"2021-09-10T09:20:56","guid":{"rendered":"https:\/\/oeku.projektauskunft.de\/?page_id=2295"},"modified":"2025-08-20T14:51:49","modified_gmt":"2025-08-20T12:51:49","slug":"veranstaltungen","status":"publish","type":"page","link":"https:\/\/ecumenical-institute.org\/en\/veranstaltungen\/","title":{"rendered":"Events"},"content":{"rendered":"<h1>Events<\/h1>\n\t<h5>\n\t\t\t\tInternational Ecumenical Seminar\n\t\t\t<\/h5>\n\t<h2>\n\t\t\t\tSummer Seminar\n\t\t\t<\/h2>\n\t<p>Since 1966, the Institute has offered annual Summer Seminars in Strasbourg to share the findings and breakthroughs of the ecumenical movement with a wider audience. Over the course of more than five decades, the Summer Seminars have explored an incredibly rich range of subjects, from Mary, liturgy, and the sacraments to ethics, church-state relations, and mission. Participants from Europe and farther abroad gather for a week of lectures offered by specialists in their fields, as well as daily prayer, shared meals, and an outing into the Alsatian countryside, complete with wine tasting and museum visiting.<\/p>\n<p><strong>Sommerseminar 2023: &#8222;Communion of Churches.&#8220;<\/strong><\/p>\n\t<h5>\n\t\t\t\tSummer Seminars\n\t\t\t<\/h5>\n\t\t<a href=\"https:\/\/ecumenical-institute.org\/en\/2023\/11\/16\/internationales-oekumenisches-seminar-2023\/\" title=\"Inhalt des Ansichtsfelds anzeigen\" target=\"_self\"  aria-label=\"Post Element\"><\/a>\t\t\n\t\t\t\t\t\t<h3>\n\t\t\t\t<a href=\"https:\/\/ecumenical-institute.org\/en\/2023\/11\/16\/internationales-oekumenisches-seminar-2023\/\" title=\"International Ecumenical Seminar 2023\">International Ecumenical Seminar 2023<\/a>\t\t\t<\/h3>\n\t\t\t\t\t\t\t<h5>\n\t\t\t16.11.2023\t\t\t\n\t\t\t | \t\t\t\t\t\n\t\t\t\t\t\t\t\t\t<a href=\"https:\/\/ecumenical-institute.org\/en\/category\/allgemein\/\" rel=\"category tag\">General<\/a>,&nbsp;\t\t\t\t<a href=\"https:\/\/ecumenical-institute.org\/en\/category\/sommerseminare\/\" rel=\"category tag\">Summer Seminars<\/a>\t\t\t\t<\/h5>\n\t\t\t\t\t\t\t\t\tIn den letzten Jahren konnte das Internationale \u00d6kumenische Sommerseminar wegen der Pandemie entweder gar nicht stattfinden oder musste als Online-Veranstaltung durchgef\u00fchrt werden &#8211; mit allen Vor- und Nachteilen, die diese &#8230;\n\t\t<a href=\"https:\/\/ecumenical-institute.org\/en\/2023\/01\/11\/https-ecumenical-institute-org-wp-content-uploads-2023-04-program_seminar_2023_e-pdf\/\" title=\"Inhalt des Ansichtsfelds anzeigen\" target=\"_self\"  aria-label=\"Post Element\"><\/a>\t\t\n\t\t\t\t\t\t<h3>\n\t\t\t\t<a href=\"https:\/\/ecumenical-institute.org\/en\/2023\/01\/11\/https-ecumenical-institute-org-wp-content-uploads-2023-04-program_seminar_2023_e-pdf\/\" title=\"55th International Ecumenical Seminar 2023 on the topic of &#8222;Communion of Churches&#8220;\">55th International Ecumenical Seminar 2023 on the topic of &#8222;Communion of Churches&#8220;<\/a>\t\t\t<\/h3>\n\t\t\t\t\t\t\t<h5>\n\t\t\t11.01.2023\t\t\t\n\t\t\t | \t\t\t\t\t\n\t\t\t\t\t\t\t\t\t<a href=\"https:\/\/ecumenical-institute.org\/en\/category\/sommerseminare\/\" rel=\"category tag\">Summer Seminars<\/a>,&nbsp;\t\t\t\t<a href=\"https:\/\/ecumenical-institute.org\/en\/category\/summer-seminars\/\" rel=\"category tag\">Summer Seminars<\/a>\t\t\t\t<\/h5>\n\t\t\t\t\t\t\t\t\tDates: July 5 &#8211; 12, 2023, in Strasbourg. In the Apostles&#8216; Creed, we confess that we believe in the &#8222;communion of saints.&#8220; But we also speak of a &#8222;communion of &#8230;\n\t\t<a href=\"https:\/\/ecumenical-institute.org\/en\/2021\/04\/16\/54-internationales-oekumenisches-seminar-2020\/\" title=\"Inhalt des Ansichtsfelds anzeigen\" target=\"_self\"  aria-label=\"Post Element\"><\/a>\t\t\n\t\t\t\t\t\t<h3>\n\t\t\t\t<a href=\"https:\/\/ecumenical-institute.org\/en\/2021\/04\/16\/54-internationales-oekumenisches-seminar-2020\/\" title=\"54th International Ecumenical Seminar\">54th International Ecumenical Seminar<\/a>\t\t\t<\/h3>\n\t\t\t\t\t\t\t<h5>\n\t\t\t16.04.2021\t\t\t\n\t\t\t | \t\t\t\t\t\n\t\t\t\t\t\t\t\t\t<a href=\"https:\/\/ecumenical-institute.org\/en\/category\/allgemein\/\" rel=\"category tag\">General<\/a>,&nbsp;\t\t\t\t<a href=\"https:\/\/ecumenical-institute.org\/en\/category\/sommerseminare\/\" rel=\"category tag\">Summer Seminars<\/a>\t\t\t\t<\/h5>\n\t\t\t\t\t\t\t\t\t\u00d6kumenischer und interreligi\u00f6ser Dialog. Gemeinsamkeiten und Unterschiede. Moderne Gesellschaften sind plural &#8211; nicht nur, aber auch in religi\u00f6ser Hinsicht. Gerade die drei gro\u00dfen monotheistischen Religionen Judentum, Christentum und Islam kommen &#8230;\n\t\t<a href=\"https:\/\/ecumenical-institute.org\/en\/2019\/09\/10\/seminar-2019-lehre-trennt-spiritualitaet-eint\/\" title=\"Inhalt des Ansichtsfelds anzeigen\" target=\"_self\"  aria-label=\"Post Element\"><\/a>\t\t\n\t\t\t\t\t\t<h3>\n\t\t\t\t<a href=\"https:\/\/ecumenical-institute.org\/en\/2019\/09\/10\/seminar-2019-lehre-trennt-spiritualitaet-eint\/\" title=\"53. Internationles \u00d6kumenisches Seminar 2019: Lehre trennt - Spiritualit\u00e4t eint?\">53. Internationles \u00d6kumenisches Seminar 2019: Lehre trennt &#8211; Spiritualit\u00e4t eint?<\/a>\t\t\t<\/h3>\n\t\t\t\t\t\t\t<h5>\n\t\t\t10.09.2019\t\t\t\n\t\t\t | \t\t\t\t\t\n\t\t\t\t\t\t\t\t\t<a href=\"https:\/\/ecumenical-institute.org\/en\/category\/sommerseminare\/\" rel=\"category tag\">Summer Seminars<\/a>\t\t\t\t<\/h5>\n\t\t\t\t\t\t\t\t\tDas Thema des diesj\u00e4hrigen internationalen \u00f6kumenischen Sommerseminars, das das Institut f\u00fcr \u00d6kumenische Forschung in Strasbourg vom 3. bis 10. Juli veranstaltete, lautete: \u201eLehre trennt &#8211; Spiritualit\u00e4t eint?&#8220; In seinem Einf\u00fchrungsvortrag &#8230;\n\t<h2>\n\t\t\t\tStudy Course\n\t\t\t<\/h2>\n\t<p>&#8222;To be Lutheran is to be ecumenical.&#8220; This is how the Lutheran World Federation formulates this prominent self-commitment of Lutheran identity. In contrast, ecumenical theology is rarely taught at universities or theological training centers to the degree that it is needed.<\/p>\n<p>Therefore, the Ecumenical Institute offers an &#8222;Ecumenical Study Course&#8220; at regular intervals. The target group is Lutheran theologians, usually pastors or advanced students with a good knowledge of Lutheran theology. Endorsement by one&#8217;s church is a prerequisite for participation.<\/p>\n<p>The study course introduces the basic questions of ecumenism on the one hand, and the theory and practice of the dialogues on the other, by means of texts and the results of dialogues significant in recent ecumenical history &#8212; in most of which the Institute has been involved &#8212; and reflects on them against the background of Lutheran theology and the experiences of the participants.<\/p>\n<p>The exchange about one&#8217;s own ecumenical experiences and the situation in one&#8217;s home church is an important part of the study course, which thus contributes not only to the theological work but also to the interconnectedness of the worldwide communion of the LWF.<\/p>\n\t\t\t<a href=\"https:\/\/ecumenical-institute.org\/wp-content\/uploads\/2025\/07\/StudyCourse_invit2025-1.pdf\" title=\"Hier klicken\" target=\"_blank\" rel=\"noopener\"  role=\"button\" aria-label=\"READ MORE\">\n\t\t\t\t\t\t\tREAD MORE\n\t\t<\/a>\n\t<h5>\n\t\t\t\tConferences in Cooperation\n\t\t\t<\/h5>\n\t<h2>\n\t\t\t\tSeminar \u201eStudying Luther in Wittenberg&#8220;\n\t\t\t<\/h2>\n\t<p>In Zusammenarbeit des Instituts f\u00fcr \u00d6kumenische Forschung mit dem LWB Zentrum Wittenberg werden die Seminare \u201eStudying Luther in Wittenberg&#8220; jedes Jahr im November als zweiw\u00f6chiges Seminar angeboten. Der Gedanke ist, eine begrenzte Gruppe (maximal 20) lutherische Pfarrerinnen und Pfarrer aus der ganzen Welt f\u00fcr diese Zeit in Wittenberg zu einer Lebens- und Studiengemeinschaft zusammenzubringen, um Martin Luther in seinen Schriften besser kennenzulernen und miteinander zu er\u00f6rtern, was seine Botschaft heute in den verschiedenen lutherischen Kirchen bedeuten k\u00f6nnte. <\/p>\n\t\t\t<a href=\"https:\/\/www.lwb-zentrum-wittenberg.de\/de\/fortbildung\/fuer-pfarrerinnen-und-pfarrer.html\" title=\"Hier klicken\" target=\"_blank\" rel=\"noopener\"  role=\"button\" aria-label=\"READ MORE\">\n\t\t\t\t\t\t\tREAD MORE\n\t\t<\/a>","protected":false},"excerpt":{"rendered":"<p>Veranstaltungen Internationales \u00d6kumenisches Seminar Sommerseminar Seit 1966 veranstaltet das Institut internationale \u00f6kumenische Sommerseminare in Strasbourg, um die Ergebnisse und Durchbr\u00fcche der \u00f6kumenischen Bewegung einem weiteren Publikum mitzuteilen. In \u00fcber f\u00fcnf Jahrzehnten haben die Sommerseminare eine gro\u00dfe Reihe von Themen behandelt, wie Maria, Liturgie, Sakramente, Ethik, Beziehungen zwischen Kirche und Staat sowie Mission. Teilnehmer aus der [&hellip;]<\/p>\n","protected":false},"author":1,"featured_media":0,"parent":0,"menu_order":0,"comment_status":"closed","ping_status":"closed","template":"","meta":{"_uag_custom_page_level_css":"","site-sidebar-layout":"no-sidebar","site-content-layout":"page-builder","ast-site-content-layout":"default","site-content-style":"default","site-sidebar-style":"default","ast-global-header-display":"","ast-banner-title-visibility":"","ast-main-header-display":"","ast-hfb-above-header-display":"","ast-hfb-below-header-display":"","ast-hfb-mobile-header-display":"","site-post-title":"disabled","ast-breadcrumbs-content":"","ast-featured-img":"disabled","footer-sml-layout":"","ast-disable-related-posts":"","theme-transparent-header-meta":"enabled","adv-header-id-meta":"","stick-header-meta":"enabled","header-above-stick-meta":"","header-main-stick-meta":"on","header-below-stick-meta":"","astra-migrate-meta-layouts":"default","ast-page-background-enabled":"default","ast-page-background-meta":{"desktop":{"background-color":"","background-image":"","background-repeat":"repeat","background-position":"center center","background-size":"auto","background-attachment":"scroll","background-type":"","background-media":"","overlay-type":"","overlay-color":"","overlay-opacity":"","overlay-gradient":""},"tablet":{"background-color":"","background-image":"","background-repeat":"repeat","background-position":"center center","background-size":"auto","background-attachment":"scroll","background-type":"","background-media":"","overlay-type":"","overlay-color":"","overlay-opacity":"","overlay-gradient":""},"mobile":{"background-color":"","background-image":"","background-repeat":"repeat","background-position":"center center","background-size":"auto","background-attachment":"scroll","background-type":"","background-media":"","overlay-type":"","overlay-color":"","overlay-opacity":"","overlay-gradient":""}},"ast-content-background-meta":{"desktop":{"background-color":"var(--ast-global-color-5)","background-image":"","background-repeat":"repeat","background-position":"center center","background-size":"auto","background-attachment":"scroll","background-type":"","background-media":"","overlay-type":"","overlay-color":"","overlay-opacity":"","overlay-gradient":""},"tablet":{"background-color":"var(--ast-global-color-5)","background-image":"","background-repeat":"repeat","background-position":"center center","background-size":"auto","background-attachment":"scroll","background-type":"","background-media":"","overlay-type":"","overlay-color":"","overlay-opacity":"","overlay-gradient":""},"mobile":{"background-color":"var(--ast-global-color-5)","background-image":"","background-repeat":"repeat","background-position":"center center","background-size":"auto","background-attachment":"scroll","background-type":"","background-media":"","overlay-type":"","overlay-color":"","overlay-opacity":"","overlay-gradient":""}},"footnotes":""},"class_list":["post-2295","page","type-page","status-publish","hentry"],"yoast_head":"<!-- This site is optimized with the Yoast SEO plugin v26.8 - https:\/\/yoast.com\/product\/yoast-seo-wordpress\/ -->\n<title>Veranstaltungen - Institut f\u00fcr \u00d6kumenische<\/title>\n<meta name=\"description\" content=\"Unsere Veranstaltungen: das Sommerseminar: Internationales \u00d6kumenisches Seminar, Studienkurs, Seminar \u201eStudying Luther in Wittenberg\u201d\" \/>\n<meta name=\"robots\" content=\"index, follow, max-snippet:-1, max-image-preview:large, max-video-preview:-1\" \/>\n<link rel=\"canonical\" href=\"https:\/\/ecumenical-institute.org\/en\/veranstaltungen\/\" \/>\n<meta property=\"og:locale\" content=\"en_GB\" \/>\n<meta property=\"og:type\" content=\"article\" \/>\n<meta property=\"og:title\" content=\"Veranstaltungen - Institut f\u00fcr \u00d6kumenische\" \/>\n<meta property=\"og:description\" content=\"Unsere Veranstaltungen: das Sommerseminar: Internationales \u00d6kumenisches Seminar, Studienkurs, Seminar \u201eStudying Luther in Wittenberg\u201d\" \/>\n<meta property=\"og:url\" content=\"https:\/\/ecumenical-institute.org\/en\/veranstaltungen\/\" \/>\n<meta property=\"og:site_name\" content=\"Institut f\u00fcr \u00d6kumenische\" \/>\n<meta property=\"article:modified_time\" content=\"2025-08-20T12:51:49+00:00\" \/>\n<meta name=\"twitter:card\" content=\"summary_large_image\" \/>\n<meta name=\"twitter:label1\" content=\"Estimated reading time\" \/>\n\t<meta name=\"twitter:data1\" content=\"3 minutes\" \/>\n<script type=\"application\/ld+json\" class=\"yoast-schema-graph\">{\"@context\":\"https:\/\/schema.org\",\"@graph\":[{\"@type\":\"WebPage\",\"@id\":\"https:\/\/ecumenical-institute.org\/veranstaltungen\/\",\"url\":\"https:\/\/ecumenical-institute.org\/veranstaltungen\/\",\"name\":\"Veranstaltungen - Institut f\u00fcr \u00d6kumenische\",\"isPartOf\":{\"@id\":\"https:\/\/ecumenical-institute.org\/#website\"},\"datePublished\":\"2021-09-10T09:20:56+00:00\",\"dateModified\":\"2025-08-20T12:51:49+00:00\",\"description\":\"Unsere Veranstaltungen: das Sommerseminar: Internationales \u00d6kumenisches Seminar, Studienkurs, Seminar \u201eStudying Luther in Wittenberg\u201d\",\"breadcrumb\":{\"@id\":\"https:\/\/ecumenical-institute.org\/veranstaltungen\/#breadcrumb\"},\"inLanguage\":\"en-GB\",\"potentialAction\":[{\"@type\":\"ReadAction\",\"target\":[\"https:\/\/ecumenical-institute.org\/veranstaltungen\/\"]}]},{\"@type\":\"BreadcrumbList\",\"@id\":\"https:\/\/ecumenical-institute.org\/veranstaltungen\/#breadcrumb\",\"itemListElement\":[{\"@type\":\"ListItem\",\"position\":1,\"name\":\"Home\",\"item\":\"https:\/\/ecumenical-institute.org\/\"},{\"@type\":\"ListItem\",\"position\":2,\"name\":\"Veranstaltungen\"}]},{\"@type\":\"WebSite\",\"@id\":\"https:\/\/ecumenical-institute.org\/#website\",\"url\":\"https:\/\/ecumenical-institute.org\/\",\"name\":\"Institut f\u00fcr \u00d6kumenische\",\"description\":\" Forschung in Strasbourg\",\"publisher\":{\"@id\":\"https:\/\/ecumenical-institute.org\/#organization\"},\"potentialAction\":[{\"@type\":\"SearchAction\",\"target\":{\"@type\":\"EntryPoint\",\"urlTemplate\":\"https:\/\/ecumenical-institute.org\/?s={search_term_string}\"},\"query-input\":{\"@type\":\"PropertyValueSpecification\",\"valueRequired\":true,\"valueName\":\"search_term_string\"}}],\"inLanguage\":\"en-GB\"},{\"@type\":\"Organization\",\"@id\":\"https:\/\/ecumenical-institute.org\/#organization\",\"name\":\"Institut f\u00fcr \u00d6kumenische Forschung in Strasbourg\",\"url\":\"https:\/\/ecumenical-institute.org\/\",\"logo\":{\"@type\":\"ImageObject\",\"inLanguage\":\"en-GB\",\"@id\":\"https:\/\/ecumenical-institute.org\/#\/schema\/logo\/image\/\",\"url\":\"https:\/\/ecumenical-institute.org\/wp-content\/uploads\/2021\/08\/Logo_grau.png\",\"contentUrl\":\"https:\/\/ecumenical-institute.org\/wp-content\/uploads\/2021\/08\/Logo_grau.png\",\"width\":300,\"height\":448,\"caption\":\"Institut f\u00fcr \u00d6kumenische Forschung in Strasbourg\"},\"image\":{\"@id\":\"https:\/\/ecumenical-institute.org\/#\/schema\/logo\/image\/\"}}]}<\/script>\n<!-- \/ Yoast SEO plugin. -->","yoast_head_json":{"title":"Veranstaltungen - Institut f\u00fcr \u00d6kumenische","description":"Unsere Veranstaltungen: das Sommerseminar: Internationales \u00d6kumenisches Seminar, Studienkurs, Seminar \u201eStudying Luther in Wittenberg\u201d","robots":{"index":"index","follow":"follow","max-snippet":"max-snippet:-1","max-image-preview":"max-image-preview:large","max-video-preview":"max-video-preview:-1"},"canonical":"https:\/\/ecumenical-institute.org\/en\/veranstaltungen\/","og_locale":"en_GB","og_type":"article","og_title":"Veranstaltungen - Institut f\u00fcr \u00d6kumenische","og_description":"Unsere Veranstaltungen: das Sommerseminar: Internationales \u00d6kumenisches Seminar, Studienkurs, Seminar \u201eStudying Luther in Wittenberg\u201d","og_url":"https:\/\/ecumenical-institute.org\/en\/veranstaltungen\/","og_site_name":"Institut f\u00fcr \u00d6kumenische","article_modified_time":"2025-08-20T12:51:49+00:00","twitter_card":"summary_large_image","twitter_misc":{"Estimated reading time":"3 minutes"},"schema":{"@context":"https:\/\/schema.org","@graph":[{"@type":"WebPage","@id":"https:\/\/ecumenical-institute.org\/veranstaltungen\/","url":"https:\/\/ecumenical-institute.org\/veranstaltungen\/","name":"Veranstaltungen - Institut f\u00fcr \u00d6kumenische","isPartOf":{"@id":"https:\/\/ecumenical-institute.org\/#website"},"datePublished":"2021-09-10T09:20:56+00:00","dateModified":"2025-08-20T12:51:49+00:00","description":"Unsere Veranstaltungen: das Sommerseminar: Internationales \u00d6kumenisches Seminar, Studienkurs, Seminar \u201eStudying Luther in Wittenberg\u201d","breadcrumb":{"@id":"https:\/\/ecumenical-institute.org\/veranstaltungen\/#breadcrumb"},"inLanguage":"en-GB","potentialAction":[{"@type":"ReadAction","target":["https:\/\/ecumenical-institute.org\/veranstaltungen\/"]}]},{"@type":"BreadcrumbList","@id":"https:\/\/ecumenical-institute.org\/veranstaltungen\/#breadcrumb","itemListElement":[{"@type":"ListItem","position":1,"name":"Home","item":"https:\/\/ecumenical-institute.org\/"},{"@type":"ListItem","position":2,"name":"Veranstaltungen"}]},{"@type":"WebSite","@id":"https:\/\/ecumenical-institute.org\/#website","url":"https:\/\/ecumenical-institute.org\/","name":"Institute for Ecumenical","description":"Research in Strasbourg","publisher":{"@id":"https:\/\/ecumenical-institute.org\/#organization"},"potentialAction":[{"@type":"SearchAction","target":{"@type":"EntryPoint","urlTemplate":"https:\/\/ecumenical-institute.org\/?s={search_term_string}"},"query-input":{"@type":"PropertyValueSpecification","valueRequired":true,"valueName":"search_term_string"}}],"inLanguage":"en-GB"},{"@type":"Organization","@id":"https:\/\/ecumenical-institute.org\/#organization","name":"Institute for Ecumenical Research","url":"https:\/\/ecumenical-institute.org\/","logo":{"@type":"ImageObject","inLanguage":"en-GB","@id":"https:\/\/ecumenical-institute.org\/#\/schema\/logo\/image\/","url":"https:\/\/ecumenical-institute.org\/wp-content\/uploads\/2021\/08\/Logo_grau.png","contentUrl":"https:\/\/ecumenical-institute.org\/wp-content\/uploads\/2021\/08\/Logo_grau.png","width":300,"height":448,"caption":"Institut f\u00fcr \u00d6kumenische Forschung in Strasbourg"},"image":{"@id":"https:\/\/ecumenical-institute.org\/#\/schema\/logo\/image\/"}}]}},"uagb_featured_image_src":{"full":false,"thumbnail":false,"medium":false,"medium_large":false,"large":false,"1536x1536":false,"2048x2048":false,"trp-custom-language-flag":false},"uagb_author_info":{"display_name":"web27959797","author_link":"https:\/\/ecumenical-institute.org\/en\/author\/web27959797\/"},"uagb_comment_info":0,"uagb_excerpt":"Veranstaltungen Internationales \u00d6kumenisches Seminar Sommerseminar Seit 1966 veranstaltet das Institut internationale \u00f6kumenische Sommerseminare in Strasbourg, um die Ergebnisse und Durchbr\u00fcche der \u00f6kumenischen Bewegung einem weiteren Publikum mitzuteilen. In \u00fcber f\u00fcnf Jahrzehnten haben die Sommerseminare eine gro\u00dfe Reihe von Themen behandelt, wie Maria, Liturgie, Sakramente, Ethik, Beziehungen zwischen Kirche und Staat sowie Mission. Teilnehmer aus der&hellip;","_links":{"self":[{"href":"https:\/\/ecumenical-institute.org\/en\/wp-json\/wp\/v2\/pages\/2295","targetHints":{"allow":["GET"]}}],"collection":[{"href":"https:\/\/ecumenical-institute.org\/en\/wp-json\/wp\/v2\/pages"}],"about":[{"href":"https:\/\/ecumenical-institute.org\/en\/wp-json\/wp\/v2\/types\/page"}],"author":[{"embeddable":true,"href":"https:\/\/ecumenical-institute.org\/en\/wp-json\/wp\/v2\/users\/1"}],"replies":[{"embeddable":true,"href":"https:\/\/ecumenical-institute.org\/en\/wp-json\/wp\/v2\/comments?post=2295"}],"version-history":[{"count":25,"href":"https:\/\/ecumenical-institute.org\/en\/wp-json\/wp\/v2\/pages\/2295\/revisions"}],"predecessor-version":[{"id":8215,"href":"https:\/\/ecumenical-institute.org\/en\/wp-json\/wp\/v2\/pages\/2295\/revisions\/8215"}],"wp:attachment":[{"href":"https:\/\/ecumenical-institute.org\/en\/wp-json\/wp\/v2\/media?parent=2295"}],"curies":[{"name":"wp","href":"https:\/\/api.w.org\/{rel}","templated":true}]}}