{"id":37,"date":"2017-02-25T12:35:00","date_gmt":"2017-02-25T11:35:00","guid":{"rendered":"https:\/\/oeku.projektauskunft.de\/impressum\/"},"modified":"2024-07-29T14:11:51","modified_gmt":"2024-07-29T12:11:51","slug":"impressum","status":"publish","type":"page","link":"https:\/\/ecumenical-institute.org\/en\/impressum\/","title":{"rendered":"Impressum"},"content":{"rendered":"<div class=\"wp-block-columns is-layout-flex wp-container-core-columns-is-layout-1 wp-block-columns-is-layout-flex\">\n<div class=\"wp-block-column is-layout-flow wp-block-column-is-layout-flow\">\n<h4 class=\"wp-block-heading\">Herausgeber und Verantwortlicher:<\/h4>\n\n\n\n<p>Institute for Ecumenical Research <br>8, rue Gustave Klotz<br>F \u2013 67000 Strasbourg<\/p>\n\n\n\n<p><strong>Vertreten durch:<\/strong><br>Dr. Frank Zeeb <\/p>\n\n\n\n<h4 class=\"wp-block-heading\">Contact<\/h4>\n\n\n\n<p>Telefon: +33 (0)3 88 15 25 75<br>E-Mail: strasecum@ecumenical-institute.org<\/p>\n\n\n\n<p><\/p>\n\n\n\n<h4 class=\"wp-block-heading\">Verbraucherstreitbeilegung\/Universalschlichtungsstelle<\/h4>\n\n\n\n<p>Wir sind nicht bereit oder verpflichtet, an Streitbeilegungsverfahren vor einer<br>Verbraucherschlichtungsstelle teilzunehmen.<\/p>\n\n\n\n<h4 class=\"wp-block-heading\">Design und technische Umsetzung<\/h4>\n\n\n\n<p><a href=\"https:\/\/designerkreis.de\/\">DESIGNERKREIS.DE<\/a><br><\/p>\n\n\n\n<p>Quelle:<br>e-recht24.de<\/p>\n<\/div>\n<\/div>","protected":false},"excerpt":{"rendered":"<p>Herausgeber und Verantwortlicher: Institut f\u00fcr \u00d6kumenische Forschung 8, rue Gustave KlotzF \u2013 67000 Strasbourg Vertreten durch:Dr. Frank Zeeb Kontakt Telefon: +33 (0)3 88 15 25 75E-Mail: strasecum@ecumenical-institute.org Verbraucherstreitbeilegung\/Universalschlichtungsstelle Wir sind nicht bereit oder verpflichtet, an Streitbeilegungsverfahren vor einerVerbraucherschlichtungsstelle teilzunehmen. Design und technische Umsetzung DESIGNERKREIS.DE Quelle:e-recht24.de<\/p>","protected":false},"author":1,"featured_media":0,"parent":0,"menu_order":0,"comment_status":"closed","ping_status":"open","template":"","meta":{"_uag_custom_page_level_css":"","site-sidebar-layout":"no-sidebar","site-content-layout":"plain-container","ast-site-content-layout":"normal-width-container","site-content-style":"unboxed","site-sidebar-style":"unboxed","ast-global-header-display":"","ast-banner-title-visibility":"","ast-main-header-display":"","ast-hfb-above-header-display":"","ast-hfb-below-header-display":"","ast-hfb-mobile-header-display":"","site-post-title":"","ast-breadcrumbs-content":"","ast-featured-img":"","footer-sml-layout":"","ast-disable-related-posts":"","theme-transparent-header-meta":"default","adv-header-id-meta":"","stick-header-meta":"default","header-above-stick-meta":"","header-main-stick-meta":"","header-below-stick-meta":"","astra-migrate-meta-layouts":"set","ast-page-background-enabled":"default","ast-page-background-meta":{"desktop":{"background-color":"","background-image":"","background-repeat":"repeat","background-position":"center center","background-size":"auto","background-attachment":"scroll","background-type":"","background-media":"","overlay-type":"","overlay-color":"","overlay-opacity":"","overlay-gradient":""},"tablet":{"background-color":"","background-image":"","background-repeat":"repeat","background-position":"center center","background-size":"auto","background-attachment":"scroll","background-type":"","background-media":"","overlay-type":"","overlay-color":"","overlay-opacity":"","overlay-gradient":""},"mobile":{"background-color":"","background-image":"","background-repeat":"repeat","background-position":"center center","background-size":"auto","background-attachment":"scroll","background-type":"","background-media":"","overlay-type":"","overlay-color":"","overlay-opacity":"","overlay-gradient":""}},"ast-content-background-meta":{"desktop":{"background-color":"var(--ast-global-color-5)","background-image":"","background-repeat":"repeat","background-position":"center center","background-size":"auto","background-attachment":"scroll","background-type":"","background-media":"","overlay-type":"","overlay-color":"","overlay-opacity":"","overlay-gradient":""},"tablet":{"background-color":"var(--ast-global-color-5)","background-image":"","background-repeat":"repeat","background-position":"center center","background-size":"auto","background-attachment":"scroll","background-type":"","background-media":"","overlay-type":"","overlay-color":"","overlay-opacity":"","overlay-gradient":""},"mobile":{"background-color":"var(--ast-global-color-5)","background-image":"","background-repeat":"repeat","background-position":"center center","background-size":"auto","background-attachment":"scroll","background-type":"","background-media":"","overlay-type":"","overlay-color":"","overlay-opacity":"","overlay-gradient":""}},"footnotes":""},"class_list":["post-37","page","type-page","status-publish","hentry"],"yoast_head":"<!-- This site is optimized with the Yoast SEO plugin v26.8 - https:\/\/yoast.com\/product\/yoast-seo-wordpress\/ -->\n<title>Impressum - Institut f\u00fcr \u00d6kumenische<\/title>\n<meta name=\"robots\" content=\"index, follow, max-snippet:-1, max-image-preview:large, max-video-preview:-1\" \/>\n<link rel=\"canonical\" href=\"https:\/\/ecumenical-institute.org\/en\/impressum\/\" \/>\n<meta property=\"og:locale\" content=\"en_GB\" \/>\n<meta property=\"og:type\" content=\"article\" \/>\n<meta property=\"og:title\" content=\"Impressum - Institut f\u00fcr \u00d6kumenische\" \/>\n<meta property=\"og:description\" content=\"Herausgeber und Verantwortlicher: Institut f\u00fcr \u00d6kumenische Forschung 8, rue Gustave KlotzF \u2013 67000 Strasbourg Vertreten durch:Dr. Frank Zeeb Kontakt Telefon: +33 (0)3 88 15 25 75E-Mail: strasecum@ecumenical-institute.org Verbraucherstreitbeilegung\/Universalschlichtungsstelle Wir sind nicht bereit oder verpflichtet, an Streitbeilegungsverfahren vor einerVerbraucherschlichtungsstelle teilzunehmen. Design und technische Umsetzung DESIGNERKREIS.DE Quelle:e-recht24.de\" \/>\n<meta property=\"og:url\" content=\"https:\/\/ecumenical-institute.org\/en\/impressum\/\" \/>\n<meta property=\"og:site_name\" content=\"Institut f\u00fcr \u00d6kumenische\" \/>\n<meta property=\"article:modified_time\" content=\"2024-07-29T12:11:51+00:00\" \/>\n<meta name=\"twitter:card\" content=\"summary_large_image\" \/>\n<meta name=\"twitter:label1\" content=\"Estimated reading time\" \/>\n\t<meta name=\"twitter:data1\" content=\"1 minute\" \/>\n<script type=\"application\/ld+json\" class=\"yoast-schema-graph\">{\"@context\":\"https:\/\/schema.org\",\"@graph\":[{\"@type\":\"WebPage\",\"@id\":\"https:\/\/ecumenical-institute.org\/impressum\/\",\"url\":\"https:\/\/ecumenical-institute.org\/impressum\/\",\"name\":\"Impressum - Institut f\u00fcr \u00d6kumenische\",\"isPartOf\":{\"@id\":\"https:\/\/ecumenical-institute.org\/#website\"},\"datePublished\":\"2017-02-25T11:35:00+00:00\",\"dateModified\":\"2024-07-29T12:11:51+00:00\",\"breadcrumb\":{\"@id\":\"https:\/\/ecumenical-institute.org\/impressum\/#breadcrumb\"},\"inLanguage\":\"en-GB\",\"potentialAction\":[{\"@type\":\"ReadAction\",\"target\":[\"https:\/\/ecumenical-institute.org\/impressum\/\"]}]},{\"@type\":\"BreadcrumbList\",\"@id\":\"https:\/\/ecumenical-institute.org\/impressum\/#breadcrumb\",\"itemListElement\":[{\"@type\":\"ListItem\",\"position\":1,\"name\":\"Home\",\"item\":\"https:\/\/ecumenical-institute.org\/\"},{\"@type\":\"ListItem\",\"position\":2,\"name\":\"Impressum\"}]},{\"@type\":\"WebSite\",\"@id\":\"https:\/\/ecumenical-institute.org\/#website\",\"url\":\"https:\/\/ecumenical-institute.org\/\",\"name\":\"Institut f\u00fcr \u00d6kumenische\",\"description\":\" Forschung in Strasbourg\",\"publisher\":{\"@id\":\"https:\/\/ecumenical-institute.org\/#organization\"},\"potentialAction\":[{\"@type\":\"SearchAction\",\"target\":{\"@type\":\"EntryPoint\",\"urlTemplate\":\"https:\/\/ecumenical-institute.org\/?s={search_term_string}\"},\"query-input\":{\"@type\":\"PropertyValueSpecification\",\"valueRequired\":true,\"valueName\":\"search_term_string\"}}],\"inLanguage\":\"en-GB\"},{\"@type\":\"Organization\",\"@id\":\"https:\/\/ecumenical-institute.org\/#organization\",\"name\":\"Institut f\u00fcr \u00d6kumenische Forschung in Strasbourg\",\"url\":\"https:\/\/ecumenical-institute.org\/\",\"logo\":{\"@type\":\"ImageObject\",\"inLanguage\":\"en-GB\",\"@id\":\"https:\/\/ecumenical-institute.org\/#\/schema\/logo\/image\/\",\"url\":\"https:\/\/ecumenical-institute.org\/wp-content\/uploads\/2021\/08\/Logo_grau.png\",\"contentUrl\":\"https:\/\/ecumenical-institute.org\/wp-content\/uploads\/2021\/08\/Logo_grau.png\",\"width\":300,\"height\":448,\"caption\":\"Institut f\u00fcr \u00d6kumenische Forschung in Strasbourg\"},\"image\":{\"@id\":\"https:\/\/ecumenical-institute.org\/#\/schema\/logo\/image\/\"}}]}<\/script>\n<!-- \/ Yoast SEO plugin. -->","yoast_head_json":{"title":"Impressum - Institut f\u00fcr \u00d6kumenische","robots":{"index":"index","follow":"follow","max-snippet":"max-snippet:-1","max-image-preview":"max-image-preview:large","max-video-preview":"max-video-preview:-1"},"canonical":"https:\/\/ecumenical-institute.org\/en\/impressum\/","og_locale":"en_GB","og_type":"article","og_title":"Impressum - Institut f\u00fcr \u00d6kumenische","og_description":"Herausgeber und Verantwortlicher: Institut f\u00fcr \u00d6kumenische Forschung 8, rue Gustave KlotzF \u2013 67000 Strasbourg Vertreten durch:Dr. Frank Zeeb Kontakt Telefon: +33 (0)3 88 15 25 75E-Mail: strasecum@ecumenical-institute.org Verbraucherstreitbeilegung\/Universalschlichtungsstelle Wir sind nicht bereit oder verpflichtet, an Streitbeilegungsverfahren vor einerVerbraucherschlichtungsstelle teilzunehmen. Design und technische Umsetzung DESIGNERKREIS.DE Quelle:e-recht24.de","og_url":"https:\/\/ecumenical-institute.org\/en\/impressum\/","og_site_name":"Institut f\u00fcr \u00d6kumenische","article_modified_time":"2024-07-29T12:11:51+00:00","twitter_card":"summary_large_image","twitter_misc":{"Estimated reading time":"1 minute"},"schema":{"@context":"https:\/\/schema.org","@graph":[{"@type":"WebPage","@id":"https:\/\/ecumenical-institute.org\/impressum\/","url":"https:\/\/ecumenical-institute.org\/impressum\/","name":"Impressum - Institut f\u00fcr \u00d6kumenische","isPartOf":{"@id":"https:\/\/ecumenical-institute.org\/#website"},"datePublished":"2017-02-25T11:35:00+00:00","dateModified":"2024-07-29T12:11:51+00:00","breadcrumb":{"@id":"https:\/\/ecumenical-institute.org\/impressum\/#breadcrumb"},"inLanguage":"en-GB","potentialAction":[{"@type":"ReadAction","target":["https:\/\/ecumenical-institute.org\/impressum\/"]}]},{"@type":"BreadcrumbList","@id":"https:\/\/ecumenical-institute.org\/impressum\/#breadcrumb","itemListElement":[{"@type":"ListItem","position":1,"name":"Home","item":"https:\/\/ecumenical-institute.org\/"},{"@type":"ListItem","position":2,"name":"Impressum"}]},{"@type":"WebSite","@id":"https:\/\/ecumenical-institute.org\/#website","url":"https:\/\/ecumenical-institute.org\/","name":"Institute for Ecumenical","description":"Research in Strasbourg","publisher":{"@id":"https:\/\/ecumenical-institute.org\/#organization"},"potentialAction":[{"@type":"SearchAction","target":{"@type":"EntryPoint","urlTemplate":"https:\/\/ecumenical-institute.org\/?s={search_term_string}"},"query-input":{"@type":"PropertyValueSpecification","valueRequired":true,"valueName":"search_term_string"}}],"inLanguage":"en-GB"},{"@type":"Organization","@id":"https:\/\/ecumenical-institute.org\/#organization","name":"Institute for Ecumenical Research","url":"https:\/\/ecumenical-institute.org\/","logo":{"@type":"ImageObject","inLanguage":"en-GB","@id":"https:\/\/ecumenical-institute.org\/#\/schema\/logo\/image\/","url":"https:\/\/ecumenical-institute.org\/wp-content\/uploads\/2021\/08\/Logo_grau.png","contentUrl":"https:\/\/ecumenical-institute.org\/wp-content\/uploads\/2021\/08\/Logo_grau.png","width":300,"height":448,"caption":"Institut f\u00fcr \u00d6kumenische Forschung in Strasbourg"},"image":{"@id":"https:\/\/ecumenical-institute.org\/#\/schema\/logo\/image\/"}}]}},"uagb_featured_image_src":{"full":false,"thumbnail":false,"medium":false,"medium_large":false,"large":false,"1536x1536":false,"2048x2048":false,"trp-custom-language-flag":false},"uagb_author_info":{"display_name":"web27959797","author_link":"https:\/\/ecumenical-institute.org\/en\/author\/web27959797\/"},"uagb_comment_info":0,"uagb_excerpt":"Herausgeber und Verantwortlicher: Institut f\u00fcr \u00d6kumenische Forschung 8, rue Gustave KlotzF \u2013 67000 Strasbourg Vertreten durch:Dr. Frank Zeeb Kontakt Telefon: +33 (0)3 88 15 25 75E-Mail: strasecum@ecumenical-institute.org Verbraucherstreitbeilegung\/Universalschlichtungsstelle Wir sind nicht bereit oder verpflichtet, an Streitbeilegungsverfahren vor einerVerbraucherschlichtungsstelle teilzunehmen. Design und technische Umsetzung DESIGNERKREIS.DE Quelle:e-recht24.de","_links":{"self":[{"href":"https:\/\/ecumenical-institute.org\/en\/wp-json\/wp\/v2\/pages\/37","targetHints":{"allow":["GET"]}}],"collection":[{"href":"https:\/\/ecumenical-institute.org\/en\/wp-json\/wp\/v2\/pages"}],"about":[{"href":"https:\/\/ecumenical-institute.org\/en\/wp-json\/wp\/v2\/types\/page"}],"author":[{"embeddable":true,"href":"https:\/\/ecumenical-institute.org\/en\/wp-json\/wp\/v2\/users\/1"}],"replies":[{"embeddable":true,"href":"https:\/\/ecumenical-institute.org\/en\/wp-json\/wp\/v2\/comments?post=37"}],"version-history":[{"count":5,"href":"https:\/\/ecumenical-institute.org\/en\/wp-json\/wp\/v2\/pages\/37\/revisions"}],"predecessor-version":[{"id":8105,"href":"https:\/\/ecumenical-institute.org\/en\/wp-json\/wp\/v2\/pages\/37\/revisions\/8105"}],"wp:attachment":[{"href":"https:\/\/ecumenical-institute.org\/en\/wp-json\/wp\/v2\/media?parent=37"}],"curies":[{"name":"wp","href":"https:\/\/api.w.org\/{rel}","templated":true}]}}